{"id":10730,"date":"2025-02-20T15:55:17","date_gmt":"2025-02-20T14:55:17","guid":{"rendered":"https:\/\/campinglesecureuilsmimizan.fr\/?page_id=10730"},"modified":"2025-02-20T16:05:56","modified_gmt":"2025-02-20T15:05:56","slug":"contact","status":"publish","type":"page","link":"https:\/\/campinglesecureuilsmimizan.fr\/?page_id=10730","title":{"rendered":"Mentions l\u00e9gales"},"content":{"rendered":"\t\t<div data-elementor-type=\"wp-page\" data-elementor-id=\"10730\" class=\"elementor elementor-10730\" data-elementor-post-type=\"page\">\n\t\t\t\t<div class=\"elementor-element elementor-element-d200b5e e-flex e-con-boxed e-con e-parent\" data-id=\"d200b5e\" data-element_type=\"container\">\n\t\t\t\t\t<div class=\"e-con-inner\">\n\t\t\t\t<div class=\"elementor-element elementor-element-e389cda elementor-widget elementor-widget-slider_revolution\" data-id=\"e389cda\" data-element_type=\"widget\" data-widget_type=\"slider_revolution.default\">\n\t\t\t\t<div class=\"elementor-widget-container\">\n\t\t\t\t\t\n\t\t<div class=\"wp-block-themepunch-revslider\">\n\t\t\t<!-- START MOBIL\/slider toutes pages REVOLUTION SLIDER 6.7.20 --><p class=\"rs-p-wp-fix\"><\/p>\n\t\t\t<rs-module-wrap id=\"rev_slider_19_1_wrapper\" data-source=\"gallery\" style=\"visibility:hidden;background:transparent;padding:0;margin:0px auto;margin-top:0;margin-bottom:0;\">\n\t\t\t\t<rs-module id=\"rev_slider_19_1\" style=\"\" data-version=\"6.7.20\">\n\t\t\t\t\t<rs-slides style=\"overflow: hidden; position: absolute;\">\n\t\t\t\t\t\t<rs-slide style=\"position: absolute;\" data-key=\"rs-26\" data-title=\"Slide\" data-in=\"o:0;\" data-out=\"a:false;\" data-mediafilter=\"perpetua\">\n\t\t\t\t\t\t\t<img fetchpriority=\"high\" decoding=\"async\" src=\"\/\/campinglesecureuilsmimizan.fr\/wp-content\/plugins\/revslider\/sr6\/assets\/assets\/dummy.png\" alt=\"\" title=\"xr:d:DAD-MiJFhc0:14461,j:1647587896627580981,t:23071222\" width=\"1920\" height=\"1080\" class=\"rev-slidebg tp-rs-img rs-lazyload\" data-lazyload=\"\/\/campinglesecureuilsmimizan.fr\/wp-content\/uploads\/2025\/02\/landes-photo-home.jpeg\" data-parallax=\"3\" data-no-retina>\n<!--\n\t\t\t\t\t\t\t--><rs-layer\n\t\t\t\t\t\t\t\tid=\"slider-19-slide-26-layer-0\" \n\t\t\t\t\t\t\t\tdata-type=\"text\"\n\t\t\t\t\t\t\t\tdata-xy=\"x:c;xo:-47px,-47px,-47px,4px;yo:165px,165px,165px,127px;\"\n\t\t\t\t\t\t\t\tdata-text=\"w:normal;s:43,43,43,26;l:58,58,58,30;a:center;\"\n\t\t\t\t\t\t\t\tdata-dim=\"w:704px;\"\n\t\t\t\t\t\t\t\tdata-rsp_o=\"off\"\n\t\t\t\t\t\t\t\tdata-rsp_bd=\"off\"\n\t\t\t\t\t\t\t\tdata-frame_999=\"o:0;st:w;\"\n\t\t\t\t\t\t\t\tstyle=\"z-index:9;font-family:'Gabriela';\"\n\t\t\t\t\t\t\t>\u00c9vasion et d\u00e9tente <br \/>\nen famille \n\t\t\t\t\t\t\t<\/rs-layer><!--\n\n\t\t\t\t\t\t\t--><rs-layer\n\t\t\t\t\t\t\t\tid=\"slider-19-slide-26-layer-1\" \n\t\t\t\t\t\t\t\tdata-type=\"text\"\n\t\t\t\t\t\t\t\tdata-xy=\"xo:575px,575px,575px,85px;yo:284px,284px,284px,190px;\"\n\t\t\t\t\t\t\t\tdata-text=\"w:normal;s:32,32,32,17;\"\n\t\t\t\t\t\t\t\tdata-rsp_o=\"off\"\n\t\t\t\t\t\t\t\tdata-rsp_bd=\"off\"\n\t\t\t\t\t\t\t\tdata-frame_999=\"o:0;st:w;\"\n\t\t\t\t\t\t\t\tstyle=\"z-index:8;font-family:'Gabriela';\"\n\t\t\t\t\t\t\t>Camping entre lacs & oc\u00e9an \n\t\t\t\t\t\t\t<\/rs-layer><!--\n\n\t\t\t\t\t\t\t--><rs-layer\n\t\t\t\t\t\t\t\tid=\"slider-19-slide-26-layer-2\" \n\t\t\t\t\t\t\t\tdata-type=\"shape\"\n\t\t\t\t\t\t\t\tdata-xy=\"x:c;xo:-41px,-41px,-41px,0;yo:160px,160px,160px,124px;\"\n\t\t\t\t\t\t\t\tdata-text=\"w:normal;\"\n\t\t\t\t\t\t\t\tdata-dim=\"w:643px,643px,643px,278px;h:138px,138px,138px,82px;\"\n\t\t\t\t\t\t\t\tdata-rsp_o=\"off\"\n\t\t\t\t\t\t\t\tdata-rsp_bd=\"off\"\n\t\t\t\t\t\t\t\tdata-frame_999=\"o:0;st:w;\"\n\t\t\t\t\t\t\t\tstyle=\"z-index:6;background-color:rgba(0,0,0,0.5);\"\n\t\t\t\t\t\t\t> \n\t\t\t\t\t\t\t<\/rs-layer><!--\n\n\t\t\t\t\t\t\t--><rs-layer\n\t\t\t\t\t\t\t\tid=\"slider-19-slide-26-layer-3\" \n\t\t\t\t\t\t\t\tdata-type=\"shape\"\n\t\t\t\t\t\t\t\tdata-xy=\"xo:534px,534px,534px,72px;yo:286px,286px,286px,193px;\"\n\t\t\t\t\t\t\t\tdata-text=\"w:normal;\"\n\t\t\t\t\t\t\t\tdata-dim=\"w:484px,484px,484px,247px;h:24px;\"\n\t\t\t\t\t\t\t\tdata-rsp_o=\"off\"\n\t\t\t\t\t\t\t\tdata-rsp_bd=\"off\"\n\t\t\t\t\t\t\t\tdata-frame_999=\"o:0;st:w;\"\n\t\t\t\t\t\t\t\tstyle=\"z-index:7;background-color:rgba(251,195,38,0.8);\"\n\t\t\t\t\t\t\t> \n\t\t\t\t\t\t\t<\/rs-layer><!--\n\n\t\t\t\t\t\t\t--><a\n\t\t\t\t\t\t\t\tid=\"slider-19-slide-26-layer-5\" \n\t\t\t\t\t\t\t\tclass=\"rs-layer rev-btn\"\n\t\t\t\t\t\t\t\thref=\"https:\/\/naxiresa.inaxel.com\/etape1-criteres.php?compte=ecureuils\" target=\"_blank\" rel=\"noopener\"\n\t\t\t\t\t\t\t\tdata-type=\"button\"\n\t\t\t\t\t\t\t\tdata-color=\"rgba(0, 0, 0, 0.75)\"\n\t\t\t\t\t\t\t\tdata-xy=\"xo:475px,475px,238px,59px;yo:355px,355px,178px,268px;\"\n\t\t\t\t\t\t\t\tdata-text=\"w:normal;s:17,17,8,13;l:20,20,9,23;ls:1,1,0,1px;\"\n\t\t\t\t\t\t\t\tdata-dim=\"w:auto,auto,auto,209px;h:auto,auto,auto,32px;minh:0px,0px,none,none;\"\n\t\t\t\t\t\t\t\tdata-rsp_o=\"off\"\n\t\t\t\t\t\t\t\tdata-rsp_bd=\"off\"\n\t\t\t\t\t\t\t\tdata-padding=\"t:12,12,6,3;r:35,35,18,8;b:12,12,6,3;l:35,35,18,8;\"\n\t\t\t\t\t\t\t\tdata-border=\"bos:solid;boc:#353535;bow:1px,1px,1px,1px;bor:30px,30px,30px,30px;\"\n\t\t\t\t\t\t\t\tdata-frame_999=\"o:0;st:w;\"\n\t\t\t\t\t\t\t\tdata-frame_hover=\"c:#000;bgc:#fff;bor:30px,30px,30px,30px;sp:200;\"\n\t\t\t\t\t\t\t\tstyle=\"z-index:11;background-color:#ffffff;font-family:'Shanti';text-transform:uppercase;\"\n\t\t\t\t\t\t\t>r\u00e9server votre s\u00e9jour <i class=\"fa-chevron-right\"><\/i> \n\t\t\t\t\t\t\t<\/a><!--\n-->\t\t\t\t\t<\/rs-slide>\n\t\t\t\t\t<\/rs-slides>\n\t\t\t\t\t<rs-static-layers><!--\n\t\t\t\t\t--><\/rs-static-layers>\n\t\t\t\t<\/rs-module>\n\t\t\t\t<script>\n\t\t\t\t\tsetREVStartSize({c: 'rev_slider_19_1',rl:[1240,1240,778,480],el:[450,450,900,380],gw:[1390,1390,700,320],gh:[450,450,900,380],type:'standard',justify:'',layout:'fullwidth',mh:\"0\"});if (window.RS_MODULES!==undefined && window.RS_MODULES.modules!==undefined && window.RS_MODULES.modules[\"revslider191\"]!==undefined) {window.RS_MODULES.modules[\"revslider191\"].once = false;window.revapi19 = undefined;if (window.RS_MODULES.checkMinimal!==undefined) window.RS_MODULES.checkMinimal()}\n\t\t\t\t<\/script>\n\t\t\t<\/rs-module-wrap>\n\t\t\t<!-- END REVOLUTION SLIDER -->\n<\/div>\n\n\t\t\t\t\t\t<\/div>\n\t\t\t\t<\/div>\n\t\t\t\t\t<\/div>\n\t\t\t\t<\/div>\n\t\t<div class=\"elementor-element elementor-element-2cbad209 e-flex e-con-boxed e-con e-parent\" data-id=\"2cbad209\" data-element_type=\"container\" data-settings=\"{&quot;background_background&quot;:&quot;classic&quot;}\">\n\t\t\t\t\t<div class=\"e-con-inner\">\n\t\t<div class=\"elementor-element elementor-element-51d5f0c3 e-con-full e-flex e-con e-child\" data-id=\"51d5f0c3\" data-element_type=\"container\">\n\t\t\t\t<div class=\"elementor-element elementor-element-1d41d92e elementor-widget__width-inherit elementor-widget-divider--view-line elementor-widget elementor-widget-divider\" data-id=\"1d41d92e\" data-element_type=\"widget\" data-widget_type=\"divider.default\">\n\t\t\t\t<div class=\"elementor-widget-container\">\n\t\t\t\t\t\t\t<div class=\"elementor-divider\">\n\t\t\t<span class=\"elementor-divider-separator\">\n\t\t\t\t\t\t<\/span>\n\t\t<\/div>\n\t\t\t\t\t\t<\/div>\n\t\t\t\t<\/div>\n\t\t\t\t<\/div>\n\t\t<div class=\"elementor-element elementor-element-34d176c5 e-con-full e-flex e-con e-child\" data-id=\"34d176c5\" data-element_type=\"container\">\n\t\t\t\t<div class=\"elementor-element elementor-element-59a7f770 elementor-widget elementor-widget-heading\" data-id=\"59a7f770\" data-element_type=\"widget\" data-widget_type=\"heading.default\">\n\t\t\t\t<div class=\"elementor-widget-container\">\n\t\t\t\t\t<p class=\"elementor-heading-title elementor-size-default\">Mentions l\u00e9gales<\/p>\t\t\t\t<\/div>\n\t\t\t\t<\/div>\n\t\t\t\t<\/div>\n\t\t<div class=\"elementor-element elementor-element-62c9e863 e-con-full e-flex e-con e-child\" data-id=\"62c9e863\" data-element_type=\"container\">\n\t\t\t\t<div class=\"elementor-element elementor-element-6e02f6e7 elementor-widget__width-inherit elementor-widget-divider--view-line elementor-widget elementor-widget-divider\" data-id=\"6e02f6e7\" data-element_type=\"widget\" data-widget_type=\"divider.default\">\n\t\t\t\t<div class=\"elementor-widget-container\">\n\t\t\t\t\t\t\t<div class=\"elementor-divider\">\n\t\t\t<span class=\"elementor-divider-separator\">\n\t\t\t\t\t\t<\/span>\n\t\t<\/div>\n\t\t\t\t\t\t<\/div>\n\t\t\t\t<\/div>\n\t\t\t\t<\/div>\n\t\t\t\t\t<\/div>\n\t\t\t\t<\/div>\n\t\t<div class=\"elementor-element elementor-element-844a1f4 e-flex e-con-boxed e-con e-parent\" data-id=\"844a1f4\" data-element_type=\"container\">\n\t\t\t\t\t<div class=\"e-con-inner\">\n\t\t\t\t<div class=\"elementor-element elementor-element-a17df4a elementor-widget elementor-widget-text-editor\" data-id=\"a17df4a\" data-element_type=\"widget\" data-widget_type=\"text-editor.default\">\n\t\t\t\t<div class=\"elementor-widget-container\">\n\t\t\t\t\t\t\t\t\t<p class=\"ls-paragraph has-text-align-center\">Consultez ci-apr\u00e8s les mentions l\u00e9gales du site internet de notre camping Les \u00c9cureuils.<\/p><h2 class=\"ls__heading wp-block-heading has-text-align-center animated in-view o-anim-ready fadeInDown delay-200ms\"><span style=\"font-size: 30px;\">\u00c9DITEUR DU SITE<\/span><\/h2><p class=\"ls-paragraph has-text-align-center\">Entreprise : Camping les \u00c9cureuils<br \/>Num\u00e9ro de SIRET : 801 362 328 00024<br \/>SIREN : 801 362 328<br \/>Code APE : 5530Z<br \/>Adresse : 148 route de baleste &#8211; 40200 Mimizan<br \/>Email : lesecureuilsmimizan@orange.fr<br \/>Responsable de publication : M. Alain Ameil<\/p><h2 class=\"ls__heading wp-block-heading has-text-align-center animated in-view o-anim-ready fadeInDown delay-200ms\"><span style=\"font-size: 30px;\">DROITS D\u2019AUTEUR ET COPYRIGHT<\/span><\/h2><p class=\"ls-paragraph has-text-align-center\">L\u2019ensemble du contenu de ce site d\u00e9pend du droit d\u2019auteur ainsi que de la propri\u00e9t\u00e9 intellectuelle de la l\u00e9gislation fran\u00e7aise<br \/>Toute reproduction (y compris les photos, les ic\u00f4nes et les documents t\u00e9l\u00e9chargeables) est interdite sans accord pr\u00e9alable du Camping des \u00c9cureuils.<br \/>La reproduction sur un support \u00e9lectronique de tout ou partie du site sur un format papier ou \u00e9lectronique est prohib\u00e9e.<\/p><h2 class=\"ls__heading wp-block-heading has-text-align-center animated in-view o-anim-ready fadeInDown delay-200ms\"><span style=\"font-size: 30px;\">DONN\u00c9ES PERSONNELLES ET INFORMATIONS NOMINATIVES<\/span><\/h2><p class=\"ls-paragraph has-text-align-center\">Vous disposez d\u2019un droit d\u2019acc\u00e8s, de modification, de rectification et de suppression des donn\u00e9es vous concernant selon l\u2019article 34 de la Loi \u00ab Informatique et Libert\u00e9s \u00bb n\u00b0 78-17 du 6 janvier 1978, modifi\u00e9e le 6 ao\u00fbt 2018.<br \/>Pour d\u00e9ployer ce droit d\u2019acc\u00e8s, vous pouvez le faire sur simple demande \u00e9crite \u00e0 l\u2019\u00e9diteur du site.<\/p><h2 class=\"ls__heading wp-block-heading has-text-align-center animated in-view o-anim-ready fadeInDown delay-200ms\"><span style=\"font-size: 30px;\">L\u00c9GISLATION<\/span><\/h2><p class=\"ls-paragraph has-text-align-center\">Selon la loi du 11 mars 1957 (art. 41) et du code de la propri\u00e9t\u00e9 intellectuelle du 1er juillet 1992, Il est interdit de reproduire partiellement ou totalement une partie quel qu\u2019elle soit du site sans autorisation pr\u00e9alable de l\u2019\u00e9diteur du site.<br \/>Les logos, visuels, photos, vid\u00e9os, chartes graphiques, textes sont la propri\u00e9t\u00e9 de leur d\u00e9tenteur respectif.<br \/>Ce site peut, \u00e0 son insu, avoir \u00e9t\u00e9 reli\u00e9 \u00e0 d\u2019autres sites par le biais de liens hyperm\u00e9dia. L\u2019\u00e9diteur du site d\u00e9cline toute responsabilit\u00e9 pour les informations pr\u00e9sent\u00e9es sur ces autres sites.<br \/>L\u2019internaute reconna\u00eet que l\u2019utilisation de ce site est r\u00e9gi par le droit fran\u00e7ais.<\/p>\t\t\t\t\t\t\t\t<\/div>\n\t\t\t\t<\/div>\n\t\t\t\t\t<\/div>\n\t\t\t\t<\/div>\n\t\t\t\t<\/div>\n\t\t","protected":false},"excerpt":{"rendered":"<p>Mentions l\u00e9gales Consultez ci-apr\u00e8s les mentions l\u00e9gales du site internet de notre camping Les \u00c9cureuils. \u00c9DITEUR DU SITE Entreprise : Camping les \u00c9cureuilsNum\u00e9ro de SIRET : 801 362 328 00024SIREN : 801 362 328Code APE : 5530ZAdresse : 148 route de baleste &#8211; 40200 MimizanEmail : lesecureuilsmimizan@orange.frResponsable de publication : M. Alain Ameil DROITS D\u2019AUTEUR [&hellip;]<\/p>\n","protected":false},"author":1,"featured_media":0,"parent":0,"menu_order":0,"comment_status":"closed","ping_status":"closed","template":"","meta":{"footnotes":""},"class_list":["post-10730","page","type-page","status-publish","hentry"],"_links":{"self":[{"href":"https:\/\/campinglesecureuilsmimizan.fr\/index.php?rest_route=\/wp\/v2\/pages\/10730","targetHints":{"allow":["GET"]}}],"collection":[{"href":"https:\/\/campinglesecureuilsmimizan.fr\/index.php?rest_route=\/wp\/v2\/pages"}],"about":[{"href":"https:\/\/campinglesecureuilsmimizan.fr\/index.php?rest_route=\/wp\/v2\/types\/page"}],"author":[{"embeddable":true,"href":"https:\/\/campinglesecureuilsmimizan.fr\/index.php?rest_route=\/wp\/v2\/users\/1"}],"replies":[{"embeddable":true,"href":"https:\/\/campinglesecureuilsmimizan.fr\/index.php?rest_route=%2Fwp%2Fv2%2Fcomments&post=10730"}],"version-history":[{"count":4,"href":"https:\/\/campinglesecureuilsmimizan.fr\/index.php?rest_route=\/wp\/v2\/pages\/10730\/revisions"}],"predecessor-version":[{"id":10734,"href":"https:\/\/campinglesecureuilsmimizan.fr\/index.php?rest_route=\/wp\/v2\/pages\/10730\/revisions\/10734"}],"wp:attachment":[{"href":"https:\/\/campinglesecureuilsmimizan.fr\/index.php?rest_route=%2Fwp%2Fv2%2Fmedia&parent=10730"}],"curies":[{"name":"wp","href":"https:\/\/api.w.org\/{rel}","templated":true}]}}