{"id":10421,"date":"2025-02-17T18:00:00","date_gmt":"2025-02-17T17:00:00","guid":{"rendered":"https:\/\/campinglesecureuilsmimizan.fr\/?page_id=10421"},"modified":"2025-06-16T14:36:40","modified_gmt":"2025-06-16T12:36:40","slug":"restauration","status":"publish","type":"page","link":"https:\/\/campinglesecureuilsmimizan.fr\/?page_id=10421","title":{"rendered":"Restauration"},"content":{"rendered":"\t\t<div data-elementor-type=\"wp-page\" data-elementor-id=\"10421\" class=\"elementor elementor-10421\" data-elementor-post-type=\"page\">\n\t\t\t\t<div class=\"elementor-element elementor-element-d200b5e e-flex e-con-boxed e-con e-parent\" data-id=\"d200b5e\" data-element_type=\"container\">\n\t\t\t\t\t<div class=\"e-con-inner\">\n\t\t\t\t<div class=\"elementor-element elementor-element-e389cda elementor-widget elementor-widget-slider_revolution\" data-id=\"e389cda\" data-element_type=\"widget\" data-widget_type=\"slider_revolution.default\">\n\t\t\t\t<div class=\"elementor-widget-container\">\n\t\t\t\t\t\n\t\t<div class=\"wp-block-themepunch-revslider\">\n\t\t\t<!-- START MOBIL\/slider toutes pages REVOLUTION SLIDER 6.7.20 --><p class=\"rs-p-wp-fix\"><\/p>\n\t\t\t<rs-module-wrap id=\"rev_slider_19_1_wrapper\" data-source=\"gallery\" style=\"visibility:hidden;background:transparent;padding:0;margin:0px auto;margin-top:0;margin-bottom:0;\">\n\t\t\t\t<rs-module id=\"rev_slider_19_1\" style=\"\" data-version=\"6.7.20\">\n\t\t\t\t\t<rs-slides style=\"overflow: hidden; position: absolute;\">\n\t\t\t\t\t\t<rs-slide style=\"position: absolute;\" data-key=\"rs-26\" data-title=\"Slide\" data-in=\"o:0;\" data-out=\"a:false;\" data-mediafilter=\"perpetua\">\n\t\t\t\t\t\t\t<img fetchpriority=\"high\" decoding=\"async\" src=\"\/\/campinglesecureuilsmimizan.fr\/wp-content\/plugins\/revslider\/sr6\/assets\/assets\/dummy.png\" alt=\"\" title=\"xr:d:DAD-MiJFhc0:14461,j:1647587896627580981,t:23071222\" width=\"1920\" height=\"1080\" class=\"rev-slidebg tp-rs-img rs-lazyload\" data-lazyload=\"\/\/campinglesecureuilsmimizan.fr\/wp-content\/uploads\/2025\/02\/landes-photo-home.jpeg\" data-parallax=\"3\" data-no-retina>\n<!--\n\t\t\t\t\t\t\t--><rs-layer\n\t\t\t\t\t\t\t\tid=\"slider-19-slide-26-layer-0\" \n\t\t\t\t\t\t\t\tdata-type=\"text\"\n\t\t\t\t\t\t\t\tdata-xy=\"x:c;xo:-47px,-47px,-47px,4px;yo:165px,165px,165px,127px;\"\n\t\t\t\t\t\t\t\tdata-text=\"w:normal;s:43,43,43,26;l:58,58,58,30;a:center;\"\n\t\t\t\t\t\t\t\tdata-dim=\"w:704px;\"\n\t\t\t\t\t\t\t\tdata-rsp_o=\"off\"\n\t\t\t\t\t\t\t\tdata-rsp_bd=\"off\"\n\t\t\t\t\t\t\t\tdata-frame_999=\"o:0;st:w;\"\n\t\t\t\t\t\t\t\tstyle=\"z-index:9;font-family:'Gabriela';\"\n\t\t\t\t\t\t\t>\u00c9vasion et d\u00e9tente <br \/>\nen famille \n\t\t\t\t\t\t\t<\/rs-layer><!--\n\n\t\t\t\t\t\t\t--><rs-layer\n\t\t\t\t\t\t\t\tid=\"slider-19-slide-26-layer-1\" \n\t\t\t\t\t\t\t\tdata-type=\"text\"\n\t\t\t\t\t\t\t\tdata-xy=\"xo:575px,575px,575px,85px;yo:284px,284px,284px,190px;\"\n\t\t\t\t\t\t\t\tdata-text=\"w:normal;s:32,32,32,17;\"\n\t\t\t\t\t\t\t\tdata-rsp_o=\"off\"\n\t\t\t\t\t\t\t\tdata-rsp_bd=\"off\"\n\t\t\t\t\t\t\t\tdata-frame_999=\"o:0;st:w;\"\n\t\t\t\t\t\t\t\tstyle=\"z-index:8;font-family:'Gabriela';\"\n\t\t\t\t\t\t\t>Camping entre lacs & oc\u00e9an \n\t\t\t\t\t\t\t<\/rs-layer><!--\n\n\t\t\t\t\t\t\t--><rs-layer\n\t\t\t\t\t\t\t\tid=\"slider-19-slide-26-layer-2\" \n\t\t\t\t\t\t\t\tdata-type=\"shape\"\n\t\t\t\t\t\t\t\tdata-xy=\"x:c;xo:-41px,-41px,-41px,0;yo:160px,160px,160px,124px;\"\n\t\t\t\t\t\t\t\tdata-text=\"w:normal;\"\n\t\t\t\t\t\t\t\tdata-dim=\"w:643px,643px,643px,278px;h:138px,138px,138px,82px;\"\n\t\t\t\t\t\t\t\tdata-rsp_o=\"off\"\n\t\t\t\t\t\t\t\tdata-rsp_bd=\"off\"\n\t\t\t\t\t\t\t\tdata-frame_999=\"o:0;st:w;\"\n\t\t\t\t\t\t\t\tstyle=\"z-index:6;background-color:rgba(0,0,0,0.5);\"\n\t\t\t\t\t\t\t> \n\t\t\t\t\t\t\t<\/rs-layer><!--\n\n\t\t\t\t\t\t\t--><rs-layer\n\t\t\t\t\t\t\t\tid=\"slider-19-slide-26-layer-3\" \n\t\t\t\t\t\t\t\tdata-type=\"shape\"\n\t\t\t\t\t\t\t\tdata-xy=\"xo:534px,534px,534px,72px;yo:286px,286px,286px,193px;\"\n\t\t\t\t\t\t\t\tdata-text=\"w:normal;\"\n\t\t\t\t\t\t\t\tdata-dim=\"w:484px,484px,484px,247px;h:24px;\"\n\t\t\t\t\t\t\t\tdata-rsp_o=\"off\"\n\t\t\t\t\t\t\t\tdata-rsp_bd=\"off\"\n\t\t\t\t\t\t\t\tdata-frame_999=\"o:0;st:w;\"\n\t\t\t\t\t\t\t\tstyle=\"z-index:7;background-color:rgba(251,195,38,0.8);\"\n\t\t\t\t\t\t\t> \n\t\t\t\t\t\t\t<\/rs-layer><!--\n\n\t\t\t\t\t\t\t--><a\n\t\t\t\t\t\t\t\tid=\"slider-19-slide-26-layer-5\" \n\t\t\t\t\t\t\t\tclass=\"rs-layer rev-btn\"\n\t\t\t\t\t\t\t\thref=\"https:\/\/naxiresa.inaxel.com\/etape1-criteres.php?compte=ecureuils\" target=\"_blank\" rel=\"noopener\"\n\t\t\t\t\t\t\t\tdata-type=\"button\"\n\t\t\t\t\t\t\t\tdata-color=\"rgba(0, 0, 0, 0.75)\"\n\t\t\t\t\t\t\t\tdata-xy=\"xo:475px,475px,238px,59px;yo:355px,355px,178px,268px;\"\n\t\t\t\t\t\t\t\tdata-text=\"w:normal;s:17,17,8,13;l:20,20,9,23;ls:1,1,0,1px;\"\n\t\t\t\t\t\t\t\tdata-dim=\"w:auto,auto,auto,209px;h:auto,auto,auto,32px;minh:0px,0px,none,none;\"\n\t\t\t\t\t\t\t\tdata-rsp_o=\"off\"\n\t\t\t\t\t\t\t\tdata-rsp_bd=\"off\"\n\t\t\t\t\t\t\t\tdata-padding=\"t:12,12,6,3;r:35,35,18,8;b:12,12,6,3;l:35,35,18,8;\"\n\t\t\t\t\t\t\t\tdata-border=\"bos:solid;boc:#353535;bow:1px,1px,1px,1px;bor:30px,30px,30px,30px;\"\n\t\t\t\t\t\t\t\tdata-frame_999=\"o:0;st:w;\"\n\t\t\t\t\t\t\t\tdata-frame_hover=\"c:#000;bgc:#fff;bor:30px,30px,30px,30px;sp:200;\"\n\t\t\t\t\t\t\t\tstyle=\"z-index:11;background-color:#ffffff;font-family:'Shanti';text-transform:uppercase;\"\n\t\t\t\t\t\t\t>r\u00e9server votre s\u00e9jour <i class=\"fa-chevron-right\"><\/i> \n\t\t\t\t\t\t\t<\/a><!--\n-->\t\t\t\t\t<\/rs-slide>\n\t\t\t\t\t<\/rs-slides>\n\t\t\t\t\t<rs-static-layers><!--\n\t\t\t\t\t--><\/rs-static-layers>\n\t\t\t\t<\/rs-module>\n\t\t\t\t<script>\n\t\t\t\t\tsetREVStartSize({c: 'rev_slider_19_1',rl:[1240,1240,778,480],el:[450,450,900,380],gw:[1390,1390,700,320],gh:[450,450,900,380],type:'standard',justify:'',layout:'fullwidth',mh:\"0\"});if (window.RS_MODULES!==undefined && window.RS_MODULES.modules!==undefined && window.RS_MODULES.modules[\"revslider191\"]!==undefined) {window.RS_MODULES.modules[\"revslider191\"].once = false;window.revapi19 = undefined;if (window.RS_MODULES.checkMinimal!==undefined) window.RS_MODULES.checkMinimal()}\n\t\t\t\t<\/script>\n\t\t\t<\/rs-module-wrap>\n\t\t\t<!-- END REVOLUTION SLIDER -->\n<\/div>\n\n\t\t\t\t\t\t<\/div>\n\t\t\t\t<\/div>\n\t\t\t\t\t<\/div>\n\t\t\t\t<\/div>\n\t\t<div class=\"elementor-element elementor-element-2cbad209 e-flex e-con-boxed e-con e-parent\" data-id=\"2cbad209\" data-element_type=\"container\" data-settings=\"{&quot;background_background&quot;:&quot;classic&quot;}\">\n\t\t\t\t\t<div class=\"e-con-inner\">\n\t\t<div class=\"elementor-element elementor-element-51d5f0c3 e-con-full e-flex e-con e-child\" data-id=\"51d5f0c3\" data-element_type=\"container\">\n\t\t\t\t<div class=\"elementor-element elementor-element-1d41d92e elementor-widget__width-inherit elementor-widget-divider--view-line elementor-widget elementor-widget-divider\" data-id=\"1d41d92e\" data-element_type=\"widget\" data-widget_type=\"divider.default\">\n\t\t\t\t<div class=\"elementor-widget-container\">\n\t\t\t\t\t\t\t<div class=\"elementor-divider\">\n\t\t\t<span class=\"elementor-divider-separator\">\n\t\t\t\t\t\t<\/span>\n\t\t<\/div>\n\t\t\t\t\t\t<\/div>\n\t\t\t\t<\/div>\n\t\t\t\t<\/div>\n\t\t<div class=\"elementor-element elementor-element-34d176c5 e-con-full e-flex e-con e-child\" data-id=\"34d176c5\" data-element_type=\"container\">\n\t\t\t\t<div class=\"elementor-element elementor-element-59a7f770 elementor-widget elementor-widget-heading\" data-id=\"59a7f770\" data-element_type=\"widget\" data-widget_type=\"heading.default\">\n\t\t\t\t<div class=\"elementor-widget-container\">\n\t\t\t\t\t<p class=\"elementor-heading-title elementor-size-default\">restauration<\/p>\t\t\t\t<\/div>\n\t\t\t\t<\/div>\n\t\t\t\t<\/div>\n\t\t<div class=\"elementor-element elementor-element-62c9e863 e-con-full e-flex e-con e-child\" data-id=\"62c9e863\" data-element_type=\"container\">\n\t\t\t\t<div class=\"elementor-element elementor-element-6e02f6e7 elementor-widget__width-inherit elementor-widget-divider--view-line elementor-widget elementor-widget-divider\" data-id=\"6e02f6e7\" data-element_type=\"widget\" data-widget_type=\"divider.default\">\n\t\t\t\t<div class=\"elementor-widget-container\">\n\t\t\t\t\t\t\t<div class=\"elementor-divider\">\n\t\t\t<span class=\"elementor-divider-separator\">\n\t\t\t\t\t\t<\/span>\n\t\t<\/div>\n\t\t\t\t\t\t<\/div>\n\t\t\t\t<\/div>\n\t\t\t\t<\/div>\n\t\t\t\t\t<\/div>\n\t\t\t\t<\/div>\n\t\t<div class=\"elementor-element elementor-element-290c786 e-con-full e-flex e-con e-parent\" data-id=\"290c786\" data-element_type=\"container\">\n\t\t<div class=\"elementor-element elementor-element-a8460ff e-con-full e-flex e-con e-child\" data-id=\"a8460ff\" data-element_type=\"container\">\n\t\t\t\t<div class=\"elementor-element elementor-element-bfa77dc elementor-widget elementor-widget-image\" data-id=\"bfa77dc\" data-element_type=\"widget\" data-widget_type=\"image.default\">\n\t\t\t\t<div class=\"elementor-widget-container\">\n\t\t\t\t\t\t\t\t\t\t\t\t\t\t\t<img decoding=\"async\" width=\"300\" height=\"200\" src=\"https:\/\/campinglesecureuilsmimizan.fr\/wp-content\/uploads\/2025\/02\/food-truck-menu-300x200.jpeg\" class=\"attachment-medium size-medium wp-image-9693\" alt=\"\" srcset=\"https:\/\/campinglesecureuilsmimizan.fr\/wp-content\/uploads\/2025\/02\/food-truck-menu-300x200.jpeg 300w, https:\/\/campinglesecureuilsmimizan.fr\/wp-content\/uploads\/2025\/02\/food-truck-menu-768x512.jpeg 768w, https:\/\/campinglesecureuilsmimizan.fr\/wp-content\/uploads\/2025\/02\/food-truck-menu.jpeg 1000w\" sizes=\"(max-width: 300px) 100vw, 300px\" \/>\t\t\t\t\t\t\t\t\t\t\t\t\t\t\t<\/div>\n\t\t\t\t<\/div>\n\t\t\t\t<\/div>\n\t\t<div class=\"elementor-element elementor-element-760725e e-con-full e-flex e-con e-child\" data-id=\"760725e\" data-element_type=\"container\">\n\t\t\t\t<div class=\"elementor-element elementor-element-3e0b229 elementor-widget elementor-widget-text-editor\" data-id=\"3e0b229\" data-element_type=\"widget\" data-widget_type=\"text-editor.default\">\n\t\t\t\t<div class=\"elementor-widget-container\">\n\t\t\t\t\t\t\t\t\t<p style=\"text-align: center;\"><span style=\"color: #1d7d9e; font-size: 19px; font-family: Gabriela;\"><strong>Pause gourmande au camping pendant l&rsquo;\u00e9t\u00e9<\/strong><\/span><\/p><p style=\"text-align: center;\"><span style=\"font-size: 16px; color: #333333;\">Durant l&rsquo;\u00e9t\u00e9, le Camping des \u00c9cureuils est heureux de vous proposer diff\u00e9rents foodtrucks, un v\u00e9ritable rendez-vous gourmand pour tous les amoureux de la cuisine. <\/span><\/p><p style=\"text-align: center;\"><span style=\"font-size: 16px; color: #333333;\">Que vous arriviez en semaine ou en weekend, vous pourrez d\u00e9couvrir une large vari\u00e9t\u00e9 de menus, pr\u00e9par\u00e9s avec soin, pour passer un moment convivial en famille et entre amis.<\/span><\/p>\t\t\t\t\t\t\t\t<\/div>\n\t\t\t\t<\/div>\n\t\t\t\t<\/div>\n\t\t\t\t<\/div>\n\t\t\t\t<\/div>\n\t\t","protected":false},"excerpt":{"rendered":"<p>restauration Pause gourmande au camping pendant l&rsquo;\u00e9t\u00e9 Durant l&rsquo;\u00e9t\u00e9, le Camping des \u00c9cureuils est heureux de vous proposer diff\u00e9rents foodtrucks, un v\u00e9ritable rendez-vous gourmand pour tous les amoureux de la cuisine. Que vous arriviez en semaine ou en weekend, vous pourrez d\u00e9couvrir une large vari\u00e9t\u00e9 de menus, pr\u00e9par\u00e9s avec soin, pour passer un moment convivial [&hellip;]<\/p>\n","protected":false},"author":1,"featured_media":0,"parent":0,"menu_order":0,"comment_status":"closed","ping_status":"closed","template":"","meta":{"footnotes":""},"class_list":["post-10421","page","type-page","status-publish","hentry"],"_links":{"self":[{"href":"https:\/\/campinglesecureuilsmimizan.fr\/index.php?rest_route=\/wp\/v2\/pages\/10421","targetHints":{"allow":["GET"]}}],"collection":[{"href":"https:\/\/campinglesecureuilsmimizan.fr\/index.php?rest_route=\/wp\/v2\/pages"}],"about":[{"href":"https:\/\/campinglesecureuilsmimizan.fr\/index.php?rest_route=\/wp\/v2\/types\/page"}],"author":[{"embeddable":true,"href":"https:\/\/campinglesecureuilsmimizan.fr\/index.php?rest_route=\/wp\/v2\/users\/1"}],"replies":[{"embeddable":true,"href":"https:\/\/campinglesecureuilsmimizan.fr\/index.php?rest_route=%2Fwp%2Fv2%2Fcomments&post=10421"}],"version-history":[{"count":16,"href":"https:\/\/campinglesecureuilsmimizan.fr\/index.php?rest_route=\/wp\/v2\/pages\/10421\/revisions"}],"predecessor-version":[{"id":11210,"href":"https:\/\/campinglesecureuilsmimizan.fr\/index.php?rest_route=\/wp\/v2\/pages\/10421\/revisions\/11210"}],"wp:attachment":[{"href":"https:\/\/campinglesecureuilsmimizan.fr\/index.php?rest_route=%2Fwp%2Fv2%2Fmedia&parent=10421"}],"curies":[{"name":"wp","href":"https:\/\/api.w.org\/{rel}","templated":true}]}}