{"id":10395,"date":"2025-02-17T17:33:26","date_gmt":"2025-02-17T16:33:26","guid":{"rendered":"https:\/\/campinglesecureuilsmimizan.fr\/?page_id=10395"},"modified":"2026-02-15T12:56:58","modified_gmt":"2026-02-15T11:56:58","slug":"piscine","status":"publish","type":"page","link":"https:\/\/campinglesecureuilsmimizan.fr\/?page_id=10395","title":{"rendered":"Piscine"},"content":{"rendered":"\t\t<div data-elementor-type=\"wp-page\" data-elementor-id=\"10395\" class=\"elementor elementor-10395\" data-elementor-post-type=\"page\">\n\t\t\t\t<div class=\"elementor-element elementor-element-d200b5e e-flex e-con-boxed e-con e-parent\" data-id=\"d200b5e\" data-element_type=\"container\">\n\t\t\t\t\t<div class=\"e-con-inner\">\n\t\t\t\t<div class=\"elementor-element elementor-element-e389cda elementor-widget elementor-widget-slider_revolution\" data-id=\"e389cda\" data-element_type=\"widget\" data-widget_type=\"slider_revolution.default\">\n\t\t\t\t<div class=\"elementor-widget-container\">\n\t\t\t\t\t\n\t\t<div class=\"wp-block-themepunch-revslider\">\n\t\t\t<!-- START MOBIL\/slider toutes pages REVOLUTION SLIDER 6.7.20 --><p class=\"rs-p-wp-fix\"><\/p>\n\t\t\t<rs-module-wrap id=\"rev_slider_19_1_wrapper\" data-source=\"gallery\" style=\"visibility:hidden;background:transparent;padding:0;margin:0px auto;margin-top:0;margin-bottom:0;\">\n\t\t\t\t<rs-module id=\"rev_slider_19_1\" style=\"\" data-version=\"6.7.20\">\n\t\t\t\t\t<rs-slides style=\"overflow: hidden; position: absolute;\">\n\t\t\t\t\t\t<rs-slide style=\"position: absolute;\" data-key=\"rs-26\" data-title=\"Slide\" data-in=\"o:0;\" data-out=\"a:false;\" data-mediafilter=\"perpetua\">\n\t\t\t\t\t\t\t<img fetchpriority=\"high\" decoding=\"async\" src=\"\/\/campinglesecureuilsmimizan.fr\/wp-content\/plugins\/revslider\/sr6\/assets\/assets\/dummy.png\" alt=\"\" title=\"xr:d:DAD-MiJFhc0:14461,j:1647587896627580981,t:23071222\" width=\"1920\" height=\"1080\" class=\"rev-slidebg tp-rs-img rs-lazyload\" data-lazyload=\"\/\/campinglesecureuilsmimizan.fr\/wp-content\/uploads\/2025\/02\/landes-photo-home.jpeg\" data-parallax=\"3\" data-no-retina>\n<!--\n\t\t\t\t\t\t\t--><rs-layer\n\t\t\t\t\t\t\t\tid=\"slider-19-slide-26-layer-0\" \n\t\t\t\t\t\t\t\tdata-type=\"text\"\n\t\t\t\t\t\t\t\tdata-xy=\"x:c;xo:-47px,-47px,-47px,4px;yo:165px,165px,165px,127px;\"\n\t\t\t\t\t\t\t\tdata-text=\"w:normal;s:43,43,43,26;l:58,58,58,30;a:center;\"\n\t\t\t\t\t\t\t\tdata-dim=\"w:704px;\"\n\t\t\t\t\t\t\t\tdata-rsp_o=\"off\"\n\t\t\t\t\t\t\t\tdata-rsp_bd=\"off\"\n\t\t\t\t\t\t\t\tdata-frame_999=\"o:0;st:w;\"\n\t\t\t\t\t\t\t\tstyle=\"z-index:9;font-family:'Gabriela';\"\n\t\t\t\t\t\t\t>\u00c9vasion et d\u00e9tente <br \/>\nen famille \n\t\t\t\t\t\t\t<\/rs-layer><!--\n\n\t\t\t\t\t\t\t--><rs-layer\n\t\t\t\t\t\t\t\tid=\"slider-19-slide-26-layer-1\" \n\t\t\t\t\t\t\t\tdata-type=\"text\"\n\t\t\t\t\t\t\t\tdata-xy=\"xo:575px,575px,575px,85px;yo:284px,284px,284px,190px;\"\n\t\t\t\t\t\t\t\tdata-text=\"w:normal;s:32,32,32,17;\"\n\t\t\t\t\t\t\t\tdata-rsp_o=\"off\"\n\t\t\t\t\t\t\t\tdata-rsp_bd=\"off\"\n\t\t\t\t\t\t\t\tdata-frame_999=\"o:0;st:w;\"\n\t\t\t\t\t\t\t\tstyle=\"z-index:8;font-family:'Gabriela';\"\n\t\t\t\t\t\t\t>Camping entre lacs & oc\u00e9an \n\t\t\t\t\t\t\t<\/rs-layer><!--\n\n\t\t\t\t\t\t\t--><rs-layer\n\t\t\t\t\t\t\t\tid=\"slider-19-slide-26-layer-2\" \n\t\t\t\t\t\t\t\tdata-type=\"shape\"\n\t\t\t\t\t\t\t\tdata-xy=\"x:c;xo:-41px,-41px,-41px,0;yo:160px,160px,160px,124px;\"\n\t\t\t\t\t\t\t\tdata-text=\"w:normal;\"\n\t\t\t\t\t\t\t\tdata-dim=\"w:643px,643px,643px,278px;h:138px,138px,138px,82px;\"\n\t\t\t\t\t\t\t\tdata-rsp_o=\"off\"\n\t\t\t\t\t\t\t\tdata-rsp_bd=\"off\"\n\t\t\t\t\t\t\t\tdata-frame_999=\"o:0;st:w;\"\n\t\t\t\t\t\t\t\tstyle=\"z-index:6;background-color:rgba(0,0,0,0.5);\"\n\t\t\t\t\t\t\t> \n\t\t\t\t\t\t\t<\/rs-layer><!--\n\n\t\t\t\t\t\t\t--><rs-layer\n\t\t\t\t\t\t\t\tid=\"slider-19-slide-26-layer-3\" \n\t\t\t\t\t\t\t\tdata-type=\"shape\"\n\t\t\t\t\t\t\t\tdata-xy=\"xo:534px,534px,534px,72px;yo:286px,286px,286px,193px;\"\n\t\t\t\t\t\t\t\tdata-text=\"w:normal;\"\n\t\t\t\t\t\t\t\tdata-dim=\"w:484px,484px,484px,247px;h:24px;\"\n\t\t\t\t\t\t\t\tdata-rsp_o=\"off\"\n\t\t\t\t\t\t\t\tdata-rsp_bd=\"off\"\n\t\t\t\t\t\t\t\tdata-frame_999=\"o:0;st:w;\"\n\t\t\t\t\t\t\t\tstyle=\"z-index:7;background-color:rgba(251,195,38,0.8);\"\n\t\t\t\t\t\t\t> \n\t\t\t\t\t\t\t<\/rs-layer><!--\n\n\t\t\t\t\t\t\t--><a\n\t\t\t\t\t\t\t\tid=\"slider-19-slide-26-layer-5\" \n\t\t\t\t\t\t\t\tclass=\"rs-layer rev-btn\"\n\t\t\t\t\t\t\t\thref=\"https:\/\/naxiresa.inaxel.com\/etape1-criteres.php?compte=ecureuils\" target=\"_blank\" rel=\"noopener\"\n\t\t\t\t\t\t\t\tdata-type=\"button\"\n\t\t\t\t\t\t\t\tdata-color=\"rgba(0, 0, 0, 0.75)\"\n\t\t\t\t\t\t\t\tdata-xy=\"xo:475px,475px,238px,59px;yo:355px,355px,178px,268px;\"\n\t\t\t\t\t\t\t\tdata-text=\"w:normal;s:17,17,8,13;l:20,20,9,23;ls:1,1,0,1px;\"\n\t\t\t\t\t\t\t\tdata-dim=\"w:auto,auto,auto,209px;h:auto,auto,auto,32px;minh:0px,0px,none,none;\"\n\t\t\t\t\t\t\t\tdata-rsp_o=\"off\"\n\t\t\t\t\t\t\t\tdata-rsp_bd=\"off\"\n\t\t\t\t\t\t\t\tdata-padding=\"t:12,12,6,3;r:35,35,18,8;b:12,12,6,3;l:35,35,18,8;\"\n\t\t\t\t\t\t\t\tdata-border=\"bos:solid;boc:#353535;bow:1px,1px,1px,1px;bor:30px,30px,30px,30px;\"\n\t\t\t\t\t\t\t\tdata-frame_999=\"o:0;st:w;\"\n\t\t\t\t\t\t\t\tdata-frame_hover=\"c:#000;bgc:#fff;bor:30px,30px,30px,30px;sp:200;\"\n\t\t\t\t\t\t\t\tstyle=\"z-index:11;background-color:#ffffff;font-family:'Shanti';text-transform:uppercase;\"\n\t\t\t\t\t\t\t>r\u00e9server votre s\u00e9jour <i class=\"fa-chevron-right\"><\/i> \n\t\t\t\t\t\t\t<\/a><!--\n-->\t\t\t\t\t<\/rs-slide>\n\t\t\t\t\t<\/rs-slides>\n\t\t\t\t\t<rs-static-layers><!--\n\t\t\t\t\t--><\/rs-static-layers>\n\t\t\t\t<\/rs-module>\n\t\t\t\t<script>\n\t\t\t\t\tsetREVStartSize({c: 'rev_slider_19_1',rl:[1240,1240,778,480],el:[450,450,900,380],gw:[1390,1390,700,320],gh:[450,450,900,380],type:'standard',justify:'',layout:'fullwidth',mh:\"0\"});if (window.RS_MODULES!==undefined && window.RS_MODULES.modules!==undefined && window.RS_MODULES.modules[\"revslider191\"]!==undefined) {window.RS_MODULES.modules[\"revslider191\"].once = false;window.revapi19 = undefined;if (window.RS_MODULES.checkMinimal!==undefined) window.RS_MODULES.checkMinimal()}\n\t\t\t\t<\/script>\n\t\t\t<\/rs-module-wrap>\n\t\t\t<!-- END REVOLUTION SLIDER -->\n<\/div>\n\n\t\t\t\t\t\t<\/div>\n\t\t\t\t<\/div>\n\t\t\t\t\t<\/div>\n\t\t\t\t<\/div>\n\t\t<div class=\"elementor-element elementor-element-2cbad209 e-flex e-con-boxed e-con e-parent\" data-id=\"2cbad209\" data-element_type=\"container\" data-settings=\"{&quot;background_background&quot;:&quot;classic&quot;}\">\n\t\t\t\t\t<div class=\"e-con-inner\">\n\t\t<div class=\"elementor-element elementor-element-51d5f0c3 e-con-full e-flex e-con e-child\" data-id=\"51d5f0c3\" data-element_type=\"container\">\n\t\t\t\t<div class=\"elementor-element elementor-element-1d41d92e elementor-widget__width-inherit elementor-widget-divider--view-line elementor-widget elementor-widget-divider\" data-id=\"1d41d92e\" data-element_type=\"widget\" data-widget_type=\"divider.default\">\n\t\t\t\t<div class=\"elementor-widget-container\">\n\t\t\t\t\t\t\t<div class=\"elementor-divider\">\n\t\t\t<span class=\"elementor-divider-separator\">\n\t\t\t\t\t\t<\/span>\n\t\t<\/div>\n\t\t\t\t\t\t<\/div>\n\t\t\t\t<\/div>\n\t\t\t\t<\/div>\n\t\t<div class=\"elementor-element elementor-element-34d176c5 e-con-full e-flex e-con e-child\" data-id=\"34d176c5\" data-element_type=\"container\">\n\t\t\t\t<div class=\"elementor-element elementor-element-59a7f770 elementor-widget elementor-widget-heading\" data-id=\"59a7f770\" data-element_type=\"widget\" data-widget_type=\"heading.default\">\n\t\t\t\t<div class=\"elementor-widget-container\">\n\t\t\t\t\t<p class=\"elementor-heading-title elementor-size-default\">Piscine<\/p>\t\t\t\t<\/div>\n\t\t\t\t<\/div>\n\t\t\t\t<\/div>\n\t\t<div class=\"elementor-element elementor-element-62c9e863 e-con-full e-flex e-con e-child\" data-id=\"62c9e863\" data-element_type=\"container\">\n\t\t\t\t<div class=\"elementor-element elementor-element-6e02f6e7 elementor-widget__width-inherit elementor-widget-divider--view-line elementor-widget elementor-widget-divider\" data-id=\"6e02f6e7\" data-element_type=\"widget\" data-widget_type=\"divider.default\">\n\t\t\t\t<div class=\"elementor-widget-container\">\n\t\t\t\t\t\t\t<div class=\"elementor-divider\">\n\t\t\t<span class=\"elementor-divider-separator\">\n\t\t\t\t\t\t<\/span>\n\t\t<\/div>\n\t\t\t\t\t\t<\/div>\n\t\t\t\t<\/div>\n\t\t\t\t<\/div>\n\t\t\t\t\t<\/div>\n\t\t\t\t<\/div>\n\t\t<div class=\"elementor-element elementor-element-9c4c3ef e-flex e-con-boxed e-con e-parent\" data-id=\"9c4c3ef\" data-element_type=\"container\">\n\t\t\t\t\t<div class=\"e-con-inner\">\n\t\t\t\t<div class=\"elementor-element elementor-element-1dedece elementor-widget elementor-widget-text-editor\" data-id=\"1dedece\" data-element_type=\"widget\" data-widget_type=\"text-editor.default\">\n\t\t\t\t<div class=\"elementor-widget-container\">\n\t\t\t\t\t\t\t\t\t<p style=\"text-align: center;\"><span style=\"font-size: 17px; color: #1d7d9e;\"><strong>Le Camping des \u00c9cureuils vous invite \u00e0 profiter pleinement de sa piscine pendant la p\u00e9riode estivale.<br \/><\/strong><\/span><\/p><p style=\"text-align: center;\"><span style=\"font-size: 16px;\">Ces espaces aquatiques sont l&rsquo;endroit parfait pour se d\u00e9tendre et se rafra\u00eechir lors des journ\u00e9es ensoleill\u00e9es, tout en \u00e9tant immerg\u00e9 dans un cadre naturel exceptionnel. <\/span><span style=\"font-size: 16px;\">Que vous soyez amateur de baignade ou simplement en qu\u00eate de moments de relaxation, notre piscine est id\u00e9ale pour passer un agr\u00e9able moment en famille ou entre amis. Les plus petits pourront s\u2019amuser en toute s\u00e9curit\u00e9 dans la pataugeoire, tandis que les plus grands pourront profiter de la piscine pour nager ou se d\u00e9tendre au bord de l\u2019eau.<\/span><\/p><p style=\"text-align: center;\"><span style=\"font-size: 16px;\">Pour votre confort, des transats sont dispos\u00e9s autour de la piscine, vous permettant de vous reposer sous le soleil ou \u00e0 l&rsquo;ombre des parasols. Prenez le temps de lire un livre, de discuter ou simplement de profiter de l\u2019atmosph\u00e8re paisible qui r\u00e8gne dans cet espace.<\/span><\/p><p style=\"text-align: center;\"><span style=\"font-size: 16px;\">Pour le respect et l&rsquo;hygi\u00e8ne, le maillot de bain est obligatoire.<\/span><\/p>\t\t\t\t\t\t\t\t<\/div>\n\t\t\t\t<\/div>\n\t\t\t\t\t<\/div>\n\t\t\t\t<\/div>\n\t\t<div class=\"elementor-element elementor-element-15fdf1d e-flex e-con-boxed e-con e-parent\" data-id=\"15fdf1d\" data-element_type=\"container\">\n\t\t\t\t\t<div class=\"e-con-inner\">\n\t\t\t\t<div class=\"elementor-element elementor-element-44745c4 elementor-widget elementor-widget-text-editor\" data-id=\"44745c4\" data-element_type=\"widget\" data-widget_type=\"text-editor.default\">\n\t\t\t\t<div class=\"elementor-widget-container\">\n\t\t\t\t\t\t\t\t\t<p><strong data-start=\"1114\" data-end=\"1223\"><span style=\"color: #e37f14;\">La pataugeoire est temporairement ferm\u00e9e cette ann\u00e9e dans le cadre d\u2019une optimisation de nos \u00e9quipements.<\/span><br \/><\/strong>Nous vous remercions de votre compr\u00e9hension et restons impatients de vous accueillir.<\/p>\t\t\t\t\t\t\t\t<\/div>\n\t\t\t\t<\/div>\n\t\t\t\t\t<\/div>\n\t\t\t\t<\/div>\n\t\t<div class=\"elementor-element elementor-element-0fa5bc0 e-flex e-con-boxed e-con e-parent\" data-id=\"0fa5bc0\" data-element_type=\"container\">\n\t\t\t\t\t<div class=\"e-con-inner\">\n\t\t\t\t<div class=\"elementor-element elementor-element-5fdbf9a elementor-widget elementor-widget-qi_addons_for_elementor_image_gallery_masonry\" data-id=\"5fdbf9a\" data-element_type=\"widget\" data-widget_type=\"qi_addons_for_elementor_image_gallery_masonry.default\">\n\t\t\t\t<div class=\"elementor-widget-container\">\n\t\t\t\t\t<div class=\"qodef-shortcode qodef-m  qodef-qi-image-gallery-masonry qodef-qi-fslightbox-popup qodef-popup-gallery qodef-image--hover-zoom  qodef-qi-grid qodef-layout--qi-masonry qodef-items--fixed qodef-col-num--4   qodef-responsive--predefined\">\n\t<div class=\"qodef-grid-inner\">\n\t\t\t<div class=\"qodef-qi-grid-masonry-sizer\"><\/div>\n<div class=\"qodef-e qodef-image-wrapper qodef-grid-item qodef-item--landscape\">\n\t<div class=\"qodef-e-inner\">\n\t\t\t\t\t<a class=\"qodef-popup-item\" itemprop=\"image\" href=\"https:\/\/campinglesecureuilsmimizan.fr\/wp-content\/uploads\/2026\/02\/IMG_9673-2-scaled.jpeg\" data-type=\"image\" data-fslightbox=\"gallery-1\">\n\t\t\t\t\t<img decoding=\"async\" width=\"1300\" height=\"650\" src=\"https:\/\/campinglesecureuilsmimizan.fr\/wp-content\/uploads\/2026\/02\/IMG_9673-2-1300x650.jpeg\" class=\"attachment-qi_addons_for_elementor_image_size_landscape size-qi_addons_for_elementor_image_size_landscape\" alt=\"\" \/>\t\t\t\t\t<\/a>\n\t\t\t<\/div>\n<\/div>\n<div class=\"qodef-e qodef-image-wrapper qodef-grid-item qodef-item--huge-square\">\n\t<div class=\"qodef-e-inner\">\n\t\t\t\t\t<a class=\"qodef-popup-item\" itemprop=\"image\" href=\"https:\/\/campinglesecureuilsmimizan.fr\/wp-content\/uploads\/2026\/02\/IMG_9664-2-scaled.jpeg\" data-type=\"image\" data-fslightbox=\"gallery-1\">\n\t\t\t\t\t<img decoding=\"async\" width=\"1300\" height=\"1300\" src=\"https:\/\/campinglesecureuilsmimizan.fr\/wp-content\/uploads\/2026\/02\/IMG_9664-2-1300x1300.jpeg\" class=\"attachment-qi_addons_for_elementor_image_size_huge-square size-qi_addons_for_elementor_image_size_huge-square\" alt=\"\" srcset=\"https:\/\/campinglesecureuilsmimizan.fr\/wp-content\/uploads\/2026\/02\/IMG_9664-2-1300x1300.jpeg 1300w, https:\/\/campinglesecureuilsmimizan.fr\/wp-content\/uploads\/2026\/02\/IMG_9664-2-150x150.jpeg 150w, https:\/\/campinglesecureuilsmimizan.fr\/wp-content\/uploads\/2026\/02\/IMG_9664-2-650x650.jpeg 650w\" sizes=\"(max-width: 1300px) 100vw, 1300px\" \/>\t\t\t\t\t<\/a>\n\t\t\t<\/div>\n<\/div>\n<div class=\"qodef-e qodef-image-wrapper qodef-grid-item qodef-item--\">\n\t<div class=\"qodef-e-inner\">\n\t\t\t\t\t<a class=\"qodef-popup-item\" itemprop=\"image\" href=\"https:\/\/campinglesecureuilsmimizan.fr\/wp-content\/uploads\/2026\/02\/IMG_9667-2-scaled.jpeg\" data-type=\"image\" data-fslightbox=\"gallery-1\">\n\t\t\t\t\t<img loading=\"lazy\" decoding=\"async\" width=\"2560\" height=\"1920\" src=\"https:\/\/campinglesecureuilsmimizan.fr\/wp-content\/uploads\/2026\/02\/IMG_9667-2-scaled.jpeg\" class=\"attachment- size-\" alt=\"\" srcset=\"https:\/\/campinglesecureuilsmimizan.fr\/wp-content\/uploads\/2026\/02\/IMG_9667-2-scaled.jpeg 2560w, https:\/\/campinglesecureuilsmimizan.fr\/wp-content\/uploads\/2026\/02\/IMG_9667-2-300x225.jpeg 300w, https:\/\/campinglesecureuilsmimizan.fr\/wp-content\/uploads\/2026\/02\/IMG_9667-2-1024x768.jpeg 1024w, https:\/\/campinglesecureuilsmimizan.fr\/wp-content\/uploads\/2026\/02\/IMG_9667-2-768x576.jpeg 768w, https:\/\/campinglesecureuilsmimizan.fr\/wp-content\/uploads\/2026\/02\/IMG_9667-2-1536x1152.jpeg 1536w, https:\/\/campinglesecureuilsmimizan.fr\/wp-content\/uploads\/2026\/02\/IMG_9667-2-2048x1536.jpeg 2048w\" sizes=\"(max-width: 2560px) 100vw, 2560px\" \/>\t\t\t\t\t<\/a>\n\t\t\t<\/div>\n<\/div>\n<div class=\"qodef-e qodef-image-wrapper qodef-grid-item qodef-item--\">\n\t<div class=\"qodef-e-inner\">\n\t\t\t\t\t<a class=\"qodef-popup-item\" itemprop=\"image\" href=\"https:\/\/campinglesecureuilsmimizan.fr\/wp-content\/uploads\/2026\/02\/IMG_9662-4-scaled.jpeg\" data-type=\"image\" data-fslightbox=\"gallery-1\">\n\t\t\t\t\t<img loading=\"lazy\" decoding=\"async\" width=\"2560\" height=\"1920\" src=\"https:\/\/campinglesecureuilsmimizan.fr\/wp-content\/uploads\/2026\/02\/IMG_9662-4-scaled.jpeg\" class=\"attachment- size-\" alt=\"\" srcset=\"https:\/\/campinglesecureuilsmimizan.fr\/wp-content\/uploads\/2026\/02\/IMG_9662-4-scaled.jpeg 2560w, https:\/\/campinglesecureuilsmimizan.fr\/wp-content\/uploads\/2026\/02\/IMG_9662-4-300x225.jpeg 300w, https:\/\/campinglesecureuilsmimizan.fr\/wp-content\/uploads\/2026\/02\/IMG_9662-4-1024x768.jpeg 1024w, https:\/\/campinglesecureuilsmimizan.fr\/wp-content\/uploads\/2026\/02\/IMG_9662-4-768x576.jpeg 768w, https:\/\/campinglesecureuilsmimizan.fr\/wp-content\/uploads\/2026\/02\/IMG_9662-4-1536x1152.jpeg 1536w, https:\/\/campinglesecureuilsmimizan.fr\/wp-content\/uploads\/2026\/02\/IMG_9662-4-2048x1536.jpeg 2048w\" sizes=\"(max-width: 2560px) 100vw, 2560px\" \/>\t\t\t\t\t<\/a>\n\t\t\t<\/div>\n<\/div>\n\t<\/div>\n<\/div>\n\t\t\t\t<\/div>\n\t\t\t\t<\/div>\n\t\t\t\t\t<\/div>\n\t\t\t\t<\/div>\n\t\t\t\t<\/div>\n\t\t","protected":false},"excerpt":{"rendered":"<p>Piscine Le Camping des \u00c9cureuils vous invite \u00e0 profiter pleinement de sa piscine pendant la p\u00e9riode estivale. Ces espaces aquatiques sont l&rsquo;endroit parfait pour se d\u00e9tendre et se rafra\u00eechir lors des journ\u00e9es ensoleill\u00e9es, tout en \u00e9tant immerg\u00e9 dans un cadre naturel exceptionnel. Que vous soyez amateur de baignade ou simplement en qu\u00eate de moments de [&hellip;]<\/p>\n","protected":false},"author":1,"featured_media":0,"parent":0,"menu_order":0,"comment_status":"closed","ping_status":"closed","template":"","meta":{"footnotes":""},"class_list":["post-10395","page","type-page","status-publish","hentry"],"_links":{"self":[{"href":"https:\/\/campinglesecureuilsmimizan.fr\/index.php?rest_route=\/wp\/v2\/pages\/10395","targetHints":{"allow":["GET"]}}],"collection":[{"href":"https:\/\/campinglesecureuilsmimizan.fr\/index.php?rest_route=\/wp\/v2\/pages"}],"about":[{"href":"https:\/\/campinglesecureuilsmimizan.fr\/index.php?rest_route=\/wp\/v2\/types\/page"}],"author":[{"embeddable":true,"href":"https:\/\/campinglesecureuilsmimizan.fr\/index.php?rest_route=\/wp\/v2\/users\/1"}],"replies":[{"embeddable":true,"href":"https:\/\/campinglesecureuilsmimizan.fr\/index.php?rest_route=%2Fwp%2Fv2%2Fcomments&post=10395"}],"version-history":[{"count":73,"href":"https:\/\/campinglesecureuilsmimizan.fr\/index.php?rest_route=\/wp\/v2\/pages\/10395\/revisions"}],"predecessor-version":[{"id":11407,"href":"https:\/\/campinglesecureuilsmimizan.fr\/index.php?rest_route=\/wp\/v2\/pages\/10395\/revisions\/11407"}],"wp:attachment":[{"href":"https:\/\/campinglesecureuilsmimizan.fr\/index.php?rest_route=%2Fwp%2Fv2%2Fmedia&parent=10395"}],"curies":[{"name":"wp","href":"https:\/\/api.w.org\/{rel}","templated":true}]}}